{"id":398,"date":"2016-01-12T18:48:17","date_gmt":"2016-01-12T17:48:17","guid":{"rendered":"http:\/\/ccparadas.pt\/site\/?page_id=398"},"modified":"2018-09-13T17:14:57","modified_gmt":"2018-09-13T16:14:57","slug":"area-da-infancia","status":"publish","type":"page","link":"http:\/\/ccparadas.pt\/site\/area-da-infancia\/","title":{"rendered":"\u00c1rea da Inf\u00e2ncia"},"content":{"rendered":"<p>&nbsp;<\/p>\n<p><strong>\u00c1REA DA INF\u00c2NCIA<\/strong><\/p>\n<p>Largo Ac\u00e1cio Rosa S\/N, Verdemilho<\/p>\n<p>3810-604 Aveiro<\/p>\n<p>Telef. 234 424 551<\/p>\n<p>Email: secretaria.infancia@ccparadas.pt<\/p>\n<p><strong>Hor\u00e1rio<\/strong> &#8211; 7.30 \u2013 19.15h<\/p>\n<p><iframe loading=\"lazy\" style=\"border: 0;\" src=\"https:\/\/www.google.com\/maps\/embed?pb=!1m18!1m12!1m3!1d3028.900402120276!2d-8.650507485016005!3d40.610021051785715!2m3!1f0!2f0!3f0!3m2!1i1024!2i768!4f13.1!3m3!1m2!1s0xd23a2c61a8d2cb5%3A0x5246faa6bd6152be!2sLargo+Ac%C3%A1cio+Rosa%2C+3810-382!5e0!3m2!1spt-PT!2spt!4v1452621851787\" width=\"400\" height=\"250\" frameborder=\"0\" allowfullscreen=\"allowfullscreen\"><\/iframe><\/p>\n","protected":false},"excerpt":{"rendered":"<p>&nbsp; \u00c1REA DA INF\u00c2NCIA Largo Ac\u00e1cio Rosa S\/N, Verdemilho 3810-604 Aveiro Telef. 234 424 551 Email: secretaria.infancia@ccparadas.pt Hor\u00e1rio &#8211; 7.30 \u2013 19.15h<\/p>\n","protected":false},"author":1,"featured_media":0,"parent":0,"menu_order":0,"comment_status":"closed","ping_status":"closed","template":"","meta":{"site-sidebar-layout":"","site-content-layout":"","ast-main-header-display":"","ast-hfb-above-header-display":"","ast-hfb-below-header-display":"","ast-hfb-mobile-header-display":"","site-post-title":"","ast-breadcrumbs-content":"","ast-featured-img":"","footer-sml-layout":"","theme-transparent-header-meta":"","adv-header-id-meta":"","stick-header-meta":"","header-above-stick-meta":"","header-main-stick-meta":"","header-below-stick-meta":""},"_links":{"self":[{"href":"http:\/\/ccparadas.pt\/site\/wp-json\/wp\/v2\/pages\/398"}],"collection":[{"href":"http:\/\/ccparadas.pt\/site\/wp-json\/wp\/v2\/pages"}],"about":[{"href":"http:\/\/ccparadas.pt\/site\/wp-json\/wp\/v2\/types\/page"}],"author":[{"embeddable":true,"href":"http:\/\/ccparadas.pt\/site\/wp-json\/wp\/v2\/users\/1"}],"replies":[{"embeddable":true,"href":"http:\/\/ccparadas.pt\/site\/wp-json\/wp\/v2\/comments?post=398"}],"version-history":[{"count":3,"href":"http:\/\/ccparadas.pt\/site\/wp-json\/wp\/v2\/pages\/398\/revisions"}],"predecessor-version":[{"id":9429,"href":"http:\/\/ccparadas.pt\/site\/wp-json\/wp\/v2\/pages\/398\/revisions\/9429"}],"wp:attachment":[{"href":"http:\/\/ccparadas.pt\/site\/wp-json\/wp\/v2\/media?parent=398"}],"curies":[{"name":"wp","href":"https:\/\/api.w.org\/{rel}","templated":true}]}}