{"id":305,"date":"2016-01-12T15:13:53","date_gmt":"2016-01-12T14:13:53","guid":{"rendered":"http:\/\/ccparadas.pt\/site\/?page_id=305"},"modified":"2016-01-12T15:26:33","modified_gmt":"2016-01-12T14:26:33","slug":"inscricao-centro-dia","status":"publish","type":"page","link":"http:\/\/ccparadas.pt\/site\/inscricao-centro-dia\/","title":{"rendered":"Inscri\u00e7\u00e3o Centro Dia"},"content":{"rendered":"<p style=\"text-align: justify;\">1.- Os elementos constantes da ficha de inscri\u00e7\u00e3o preenchida nos termos da Norma IX transitar\u00e3o para a ficha de admiss\u00e3o, que ser\u00e1 completada com novos elementos fornecidos atrav\u00e9s da entrevista de admiss\u00e3o feita ao candidato e\/ou pessoa pr\u00f3xima, a realizar pelo Diretor(a) T\u00e9cnico(a).<\/p>\n<p style=\"text-align: justify;\">2.- Com vista a uma correta admiss\u00e3o, o candidato, ou o seu representante, ter\u00e1 de apresentar, no prazo m\u00e1ximo de 15 dias, os documentos a seguir elencados, devidamente atualizados, que far\u00e3o parte integrante do seu processo:<\/p>\n<ol>\n<li style=\"text-align: justify;\">a) Cart\u00e3o de utente do Servi\u00e7o Nacional de Sa\u00fade ou de qualquer outro subsistema a que perten\u00e7a;<\/li>\n<li style=\"text-align: justify;\">b) Documento comprovativo dos montantes de pens\u00f5es e\/ou outros rendimentos;<\/li>\n<li style=\"text-align: justify;\">c) Declara\u00e7\u00e3o de IRS do ano anterior e, ainda, documentos comprovativos de eventuais altera\u00e7\u00f5es de rendimentos;<\/li>\n<li style=\"text-align: justify;\">d) Declara\u00e7\u00e3o m\u00e9dica comprovativa da situa\u00e7\u00e3o de sa\u00fade do candidato, com um resumo da sua hist\u00f3ria cl\u00ednica e indica\u00e7\u00e3o da tabela terap\u00eautica;<\/li>\n<li style=\"text-align: justify;\">e) Comprovativo de despesas de arrendamento de habita\u00e7\u00e3o;<\/li>\n<li style=\"text-align: justify;\">f) Comprovativo de despesas com medica\u00e7\u00e3o de uso continuado;<\/li>\n<li style=\"text-align: justify;\">g) Comprovativo do recibo do passe de transportes p\u00fablicos;<\/li>\n<li style=\"text-align: justify;\">h) Duas fotografias tipo passe;<\/li>\n<li style=\"text-align: justify;\">i) Identifica\u00e7\u00e3o do m\u00e9dico assistente;<\/li>\n<li style=\"text-align: justify;\">j) Contacto telef\u00f3nico de familiares e\/ou pessoa pr\u00f3xima;<\/li>\n<li style=\"text-align: justify;\">k) Declara\u00e7\u00e3o assinada pelo candidato ou seu representante legal em como autoriza, ou n\u00e3o, a utiliza\u00e7\u00e3o de imagens em p\u00e1gina na internet, folhetos, cartazes, etc., da institui\u00e7\u00e3o.<\/li>\n<\/ol>\n","protected":false},"excerpt":{"rendered":"<p>1.- Os elementos constantes da ficha de inscri\u00e7\u00e3o preenchida nos termos da Norma IX transitar\u00e3o para a ficha de admiss\u00e3o, que ser\u00e1 completada com novos elementos fornecidos atrav\u00e9s da entrevista de admiss\u00e3o feita ao candidato e\/ou pessoa pr\u00f3xima, a realizar pelo Diretor(a) T\u00e9cnico(a). 2.- Com vista a uma correta admiss\u00e3o, o candidato, ou o seu &hellip;<\/p>\n<p class=\"read-more\"> <a class=\"\" href=\"http:\/\/ccparadas.pt\/site\/inscricao-centro-dia\/\"> <span class=\"screen-reader-text\">Inscri\u00e7\u00e3o Centro Dia<\/span> Read More &raquo;<\/a><\/p>\n","protected":false},"author":1,"featured_media":0,"parent":0,"menu_order":0,"comment_status":"closed","ping_status":"closed","template":"","meta":{"site-sidebar-layout":"","site-content-layout":"","ast-main-header-display":"","ast-hfb-above-header-display":"","ast-hfb-below-header-display":"","ast-hfb-mobile-header-display":"","site-post-title":"","ast-breadcrumbs-content":"","ast-featured-img":"","footer-sml-layout":"","theme-transparent-header-meta":"","adv-header-id-meta":"","stick-header-meta":"","header-above-stick-meta":"","header-main-stick-meta":"","header-below-stick-meta":""},"_links":{"self":[{"href":"http:\/\/ccparadas.pt\/site\/wp-json\/wp\/v2\/pages\/305"}],"collection":[{"href":"http:\/\/ccparadas.pt\/site\/wp-json\/wp\/v2\/pages"}],"about":[{"href":"http:\/\/ccparadas.pt\/site\/wp-json\/wp\/v2\/types\/page"}],"author":[{"embeddable":true,"href":"http:\/\/ccparadas.pt\/site\/wp-json\/wp\/v2\/users\/1"}],"replies":[{"embeddable":true,"href":"http:\/\/ccparadas.pt\/site\/wp-json\/wp\/v2\/comments?post=305"}],"version-history":[{"count":2,"href":"http:\/\/ccparadas.pt\/site\/wp-json\/wp\/v2\/pages\/305\/revisions"}],"predecessor-version":[{"id":314,"href":"http:\/\/ccparadas.pt\/site\/wp-json\/wp\/v2\/pages\/305\/revisions\/314"}],"wp:attachment":[{"href":"http:\/\/ccparadas.pt\/site\/wp-json\/wp\/v2\/media?parent=305"}],"curies":[{"name":"wp","href":"https:\/\/api.w.org\/{rel}","templated":true}]}}