{"id":301,"date":"2016-01-12T15:13:25","date_gmt":"2016-01-12T14:13:25","guid":{"rendered":"http:\/\/ccparadas.pt\/site\/?page_id=301"},"modified":"2016-01-12T15:25:49","modified_gmt":"2016-01-12T14:25:49","slug":"centro-dia-cd","status":"publish","type":"page","link":"http:\/\/ccparadas.pt\/site\/centro-dia-cd\/","title":{"rendered":"Centro Dia (CD)"},"content":{"rendered":"<p style=\"text-align: justify;\">O Centro de Dia \u00e9 uma resposta social que procura ir ao encontro das necessidades das pessoas idosas, residentes no concelho de Aveiro, numa perspetiva de abertura e em liga\u00e7\u00e3o \u00e0 comunidade.<\/p>\n","protected":false},"excerpt":{"rendered":"<p>O Centro de Dia \u00e9 uma resposta social que procura ir ao encontro das necessidades das pessoas idosas, residentes no concelho de Aveiro, numa perspetiva de abertura e em liga\u00e7\u00e3o \u00e0 comunidade.<\/p>\n","protected":false},"author":1,"featured_media":0,"parent":0,"menu_order":0,"comment_status":"closed","ping_status":"closed","template":"","meta":{"site-sidebar-layout":"","site-content-layout":"","ast-main-header-display":"","ast-hfb-above-header-display":"","ast-hfb-below-header-display":"","ast-hfb-mobile-header-display":"","site-post-title":"","ast-breadcrumbs-content":"","ast-featured-img":"","footer-sml-layout":"","theme-transparent-header-meta":"","adv-header-id-meta":"","stick-header-meta":"","header-above-stick-meta":"","header-main-stick-meta":"","header-below-stick-meta":""},"_links":{"self":[{"href":"http:\/\/ccparadas.pt\/site\/wp-json\/wp\/v2\/pages\/301"}],"collection":[{"href":"http:\/\/ccparadas.pt\/site\/wp-json\/wp\/v2\/pages"}],"about":[{"href":"http:\/\/ccparadas.pt\/site\/wp-json\/wp\/v2\/types\/page"}],"author":[{"embeddable":true,"href":"http:\/\/ccparadas.pt\/site\/wp-json\/wp\/v2\/users\/1"}],"replies":[{"embeddable":true,"href":"http:\/\/ccparadas.pt\/site\/wp-json\/wp\/v2\/comments?post=301"}],"version-history":[{"count":2,"href":"http:\/\/ccparadas.pt\/site\/wp-json\/wp\/v2\/pages\/301\/revisions"}],"predecessor-version":[{"id":312,"href":"http:\/\/ccparadas.pt\/site\/wp-json\/wp\/v2\/pages\/301\/revisions\/312"}],"wp:attachment":[{"href":"http:\/\/ccparadas.pt\/site\/wp-json\/wp\/v2\/media?parent=301"}],"curies":[{"name":"wp","href":"https:\/\/api.w.org\/{rel}","templated":true}]}}