{"id":291,"date":"2016-01-12T15:09:13","date_gmt":"2016-01-12T14:09:13","guid":{"rendered":"http:\/\/ccparadas.pt\/site\/?page_id=291"},"modified":"2016-01-12T15:27:06","modified_gmt":"2016-01-12T14:27:06","slug":"inscricoes-erpi","status":"publish","type":"page","link":"http:\/\/ccparadas.pt\/site\/inscricoes-erpi\/","title":{"rendered":"Inscri\u00e7\u00f5es ERPI"},"content":{"rendered":"<p style=\"text-align: justify;\">1.- Os elementos constantes da ficha de inscri\u00e7\u00e3o preenchida nos termos da Norma IX transitar\u00e3o para a ficha de admiss\u00e3o, que ser\u00e1 completada com novos elementos fornecidos atrav\u00e9s da entrevista feita ao candidato a residente pelo(a) Diretor(a) T\u00e9cnico(a) da Institui\u00e7\u00e3o.<\/p>\n<p style=\"text-align: justify;\">2.- Em vista a uma correta admiss\u00e3o, o candidato ou o seu representante, ter\u00e1 de apresentar, no prazo m\u00e1ximo de 15 dias, os documentos a seguir elencados, devidamente atualizados, que far\u00e3o parte integrante do seu processo:<\/p>\n<ol>\n<li style=\"text-align: justify;\">a) Fotoc\u00f3pia do Cart\u00e3o de Utente \u2013 Servi\u00e7o Nacional de Sa\u00fade;<\/li>\n<li style=\"text-align: justify;\">b) Documento comprovativo dos montantes de pens\u00f5es e\/ou outros rendimentos;<\/li>\n<li style=\"text-align: justify;\">c) Declara\u00e7\u00e3o de IRS (se entregue nas autoridades fiscais) do ano anterior e respetiva liquida\u00e7\u00e3o e, ainda, quando ocorrerem altera\u00e7\u00f5es de rendimentos;<\/li>\n<li style=\"text-align: justify;\">d) Declara\u00e7\u00e3o m\u00e9dica comprovativa da situa\u00e7\u00e3o de sa\u00fade do candidato, com um resumo da sua hist\u00f3ria cl\u00ednica, indica\u00e7\u00e3o da tabela terap\u00eautica e refer\u00eancia expressa de que nada impede a sua integra\u00e7\u00e3o em ERPI.<\/li>\n<\/ol>\n","protected":false},"excerpt":{"rendered":"<p>1.- Os elementos constantes da ficha de inscri\u00e7\u00e3o preenchida nos termos da Norma IX transitar\u00e3o para a ficha de admiss\u00e3o, que ser\u00e1 completada com novos elementos fornecidos atrav\u00e9s da entrevista feita ao candidato a residente pelo(a) Diretor(a) T\u00e9cnico(a) da Institui\u00e7\u00e3o. 2.- Em vista a uma correta admiss\u00e3o, o candidato ou o seu representante, ter\u00e1 de &hellip;<\/p>\n<p class=\"read-more\"> <a class=\"\" href=\"http:\/\/ccparadas.pt\/site\/inscricoes-erpi\/\"> <span class=\"screen-reader-text\">Inscri\u00e7\u00f5es ERPI<\/span> Read More &raquo;<\/a><\/p>\n","protected":false},"author":1,"featured_media":0,"parent":0,"menu_order":0,"comment_status":"closed","ping_status":"closed","template":"","meta":{"site-sidebar-layout":"","site-content-layout":"","ast-main-header-display":"","ast-hfb-above-header-display":"","ast-hfb-below-header-display":"","ast-hfb-mobile-header-display":"","site-post-title":"","ast-breadcrumbs-content":"","ast-featured-img":"","footer-sml-layout":"","theme-transparent-header-meta":"","adv-header-id-meta":"","stick-header-meta":"","header-above-stick-meta":"","header-main-stick-meta":"","header-below-stick-meta":""},"_links":{"self":[{"href":"http:\/\/ccparadas.pt\/site\/wp-json\/wp\/v2\/pages\/291"}],"collection":[{"href":"http:\/\/ccparadas.pt\/site\/wp-json\/wp\/v2\/pages"}],"about":[{"href":"http:\/\/ccparadas.pt\/site\/wp-json\/wp\/v2\/types\/page"}],"author":[{"embeddable":true,"href":"http:\/\/ccparadas.pt\/site\/wp-json\/wp\/v2\/users\/1"}],"replies":[{"embeddable":true,"href":"http:\/\/ccparadas.pt\/site\/wp-json\/wp\/v2\/comments?post=291"}],"version-history":[{"count":2,"href":"http:\/\/ccparadas.pt\/site\/wp-json\/wp\/v2\/pages\/291\/revisions"}],"predecessor-version":[{"id":316,"href":"http:\/\/ccparadas.pt\/site\/wp-json\/wp\/v2\/pages\/291\/revisions\/316"}],"wp:attachment":[{"href":"http:\/\/ccparadas.pt\/site\/wp-json\/wp\/v2\/media?parent=291"}],"curies":[{"name":"wp","href":"https:\/\/api.w.org\/{rel}","templated":true}]}}