{"id":286,"date":"2016-01-12T15:06:55","date_gmt":"2016-01-12T14:06:55","guid":{"rendered":"http:\/\/ccparadas.pt\/site\/?page_id=286"},"modified":"2025-04-10T09:38:14","modified_gmt":"2025-04-10T08:38:14","slug":"inscricoes-pre-escola","status":"publish","type":"page","link":"http:\/\/ccparadas.pt\/site\/inscricoes-pre-escola\/","title":{"rendered":"Inscri\u00e7\u00f5es Pr\u00e9-Escola"},"content":{"rendered":"\t\t<div data-elementor-type=\"wp-page\" data-elementor-id=\"286\" class=\"elementor elementor-286\" data-elementor-settings=\"[]\">\n\t\t\t\t\t\t\t<div class=\"elementor-section-wrap\">\n\t\t\t\t\t\t\t<section class=\"elementor-section elementor-top-section elementor-element elementor-element-346bf6fe elementor-section-boxed elementor-section-height-default elementor-section-height-default\" data-id=\"346bf6fe\" data-element_type=\"section\">\n\t\t\t\t\t\t<div class=\"elementor-container elementor-column-gap-default\">\n\t\t\t\t\t<div class=\"elementor-column elementor-col-100 elementor-top-column elementor-element elementor-element-7f8ef50a\" data-id=\"7f8ef50a\" data-element_type=\"column\">\n\t\t\t<div class=\"elementor-widget-wrap elementor-element-populated\">\n\t\t\t\t\t\t\t\t<div class=\"elementor-element elementor-element-731ba2bc elementor-widget elementor-widget-text-editor\" data-id=\"731ba2bc\" data-element_type=\"widget\" data-widget_type=\"text-editor.default\">\n\t\t\t\t<div class=\"elementor-widget-container\">\n\t\t\t\t\t\t\t<p style=\"text-align: justify;\">Para efeitos de admiss\u00e3o, o Encarregado de Educa\u00e7\u00e3o, ou representante legal, dever\u00e1 proceder ao preenchimento de uma ficha de Inscri\u00e7\u00e3o\/candidatura. Resultante desta, passa a constar na lista de espera e, logo que haja vaga, e for admitido, dever\u00e1 fazer prova das declara\u00e7\u00f5es efetuadas, mediante a entrega de c\u00f3pia dos seguintes documentos:<\/p><ol style=\"text-align: justify;\"><li>Cart\u00e3o do Cidad\u00e3o ou C\u00e9dula Pessoal da crian\u00e7a e do Encarregado de Educa\u00e7\u00e3o ou representante legal;<\/li><li>Boletim de vacinas;<\/li><li>Informa\u00e7\u00e3o sobre alergias, intoler\u00e2ncias alimentares e\/ou necessidades de dietas espec\u00edficas;<\/li><li>Identifica\u00e7\u00e3o do M\u00e9dico de Fam\u00edlia;<\/li><li>Cart\u00e3o de Utente do Servi\u00e7o Nacional de Sa\u00fade ou de qualquer outro subsistema a que a crian\u00e7a perten\u00e7a;<\/li><li>Contactos telef\u00f3nicos do Encarregado de Educa\u00e7\u00e3o ou representante legal da crian\u00e7a;<\/li><li>Cart\u00e3o de benefici\u00e1rio da Seguran\u00e7a Social;<\/li><\/ol><p style=\"text-align: justify;\">7.1.\u00a0\u00a0\u00a0\u00a0\u00a0\u00a0\u00a0 Cart\u00e3o do NISS do utente.<\/p><ol style=\"text-align: justify;\"><li>Documentos comprovativos do rendimento do agregado familiar, nomeadamente a \u00faltima declara\u00e7\u00e3o de IRS e o \u00faltimo recibo de vencimento;<\/li><\/ol><p style=\"text-align: justify;\">8.1.\u00a0 Caso o agregado familiar n\u00e3o se enquadre na al\u00ednea anterior e beneficie, entre outras, de rendimento social de inser\u00e7\u00e3o, subs\u00eddio de desemprego, subs\u00eddio de doen\u00e7a, reforma\/pens\u00e3o, dever\u00e1 comprovar, documentalmente, a respetiva situa\u00e7\u00e3o e, provar os respetivos rendimentos.<\/p><p style=\"text-align: justify;\">8.2. Caso se encontre desempregado e\/ou sem rendimentos ter\u00e1 tamb\u00e9m de comprovar a respetiva situa\u00e7\u00e3o.<\/p><ol style=\"text-align: justify;\" start=\"9\"><li>Documentos comprovativos de despesas fixas mensais;<\/li><\/ol><ol style=\"text-align: justify;\"><li>Certid\u00e3o de senten\u00e7a judicial de regula\u00e7\u00e3o do poder paternal, sempre que ocorra a regula\u00e7\u00e3o do poder paternal;<\/li><li>Declara\u00e7\u00e3o m\u00e9dica comprovativa de que a crian\u00e7a n\u00e3o sofre de doen\u00e7a impeditiva para a frequ\u00eancia do Pr\u00e9-escolar, bem como indica\u00e7\u00f5es sobre situa\u00e7\u00f5es de sa\u00fade particulares, tais como dieta, medica\u00e7\u00e3o, alergias.<\/li><\/ol><p style=\"text-align: justify;\">Ap\u00f3s a admiss\u00e3o, e juntamente com a primeira mensalidade, dever\u00e1 ser efetuado o pagamento da inscri\u00e7\u00e3o e do seguro.<\/p><p style=\"text-align: justify;\">O per\u00edodo de candidatura decorre de 28 de Abril de 2025 a 8 de maio de 2025 na secretaria da Institui\u00e7\u00e3o. No entanto, poder\u00e3o ser feitas admiss\u00f5es ao longo do ano desde que existam vagas, com base nas candidaturas em lista de espera. O hor\u00e1rio de atendimento para candidatura \u00e9 o seguinte: 9h30 \u00e0s 12.30h e das 15.30h \u00e0s 19.15h<\/p>\t\t\t\t\t\t<\/div>\n\t\t\t\t<\/div>\n\t\t\t\t\t<\/div>\n\t\t<\/div>\n\t\t\t\t\t\t\t<\/div>\n\t\t<\/section>\n\t\t\t\t\t\t<\/div>\n\t\t\t\t\t<\/div>\n\t\t","protected":false},"excerpt":{"rendered":"<p>Para efeitos de admiss\u00e3o, o Encarregado de Educa\u00e7\u00e3o, ou representante legal, dever\u00e1 proceder ao preenchimento de uma ficha de Inscri\u00e7\u00e3o\/candidatura. Resultante desta, passa a constar na lista de espera e, logo que haja vaga, e for admitido, dever\u00e1 fazer prova das declara\u00e7\u00f5es efetuadas, mediante a entrega de c\u00f3pia dos seguintes documentos: Cart\u00e3o do Cidad\u00e3o ou &hellip;<\/p>\n<p class=\"read-more\"> <a class=\"\" href=\"http:\/\/ccparadas.pt\/site\/inscricoes-pre-escola\/\"> <span class=\"screen-reader-text\">Inscri\u00e7\u00f5es Pr\u00e9-Escola<\/span> Read More &raquo;<\/a><\/p>\n","protected":false},"author":1,"featured_media":0,"parent":0,"menu_order":0,"comment_status":"closed","ping_status":"closed","template":"","meta":{"site-sidebar-layout":"","site-content-layout":"","ast-main-header-display":"","ast-hfb-above-header-display":"","ast-hfb-below-header-display":"","ast-hfb-mobile-header-display":"","site-post-title":"","ast-breadcrumbs-content":"","ast-featured-img":"","footer-sml-layout":"","theme-transparent-header-meta":"","adv-header-id-meta":"","stick-header-meta":"","header-above-stick-meta":"","header-main-stick-meta":"","header-below-stick-meta":""},"_links":{"self":[{"href":"http:\/\/ccparadas.pt\/site\/wp-json\/wp\/v2\/pages\/286"}],"collection":[{"href":"http:\/\/ccparadas.pt\/site\/wp-json\/wp\/v2\/pages"}],"about":[{"href":"http:\/\/ccparadas.pt\/site\/wp-json\/wp\/v2\/types\/page"}],"author":[{"embeddable":true,"href":"http:\/\/ccparadas.pt\/site\/wp-json\/wp\/v2\/users\/1"}],"replies":[{"embeddable":true,"href":"http:\/\/ccparadas.pt\/site\/wp-json\/wp\/v2\/comments?post=286"}],"version-history":[{"count":8,"href":"http:\/\/ccparadas.pt\/site\/wp-json\/wp\/v2\/pages\/286\/revisions"}],"predecessor-version":[{"id":14278,"href":"http:\/\/ccparadas.pt\/site\/wp-json\/wp\/v2\/pages\/286\/revisions\/14278"}],"wp:attachment":[{"href":"http:\/\/ccparadas.pt\/site\/wp-json\/wp\/v2\/media?parent=286"}],"curies":[{"name":"wp","href":"https:\/\/api.w.org\/{rel}","templated":true}]}}