{"id":257,"date":"2016-01-12T13:32:23","date_gmt":"2016-01-12T12:32:23","guid":{"rendered":"http:\/\/ccparadas.pt\/site\/?page_id=257"},"modified":"2016-01-12T15:29:40","modified_gmt":"2016-01-12T14:29:40","slug":"servico-apoio-domiciliario","status":"publish","type":"page","link":"http:\/\/ccparadas.pt\/site\/servico-apoio-domiciliario\/","title":{"rendered":"Servi\u00e7o Apoio Domicili\u00e1rio"},"content":{"rendered":"<p style=\"text-align: justify;\">O SAD (Servi\u00e7o de Apoio Domicili\u00e1rio) \u00e9 a resposta social que consiste na presta\u00e7\u00e3o de cuidados e servi\u00e7os a fam\u00edlias e ou pessoas que se encontrem no seu domicilio, em situa\u00e7\u00e3o de depend\u00eancia f\u00edsica e ou ps\u00edquica e que n\u00e3o possam assegurar, tempor\u00e1ria ou permanentemente, a satisfa\u00e7\u00e3o das suas necessidades b\u00e1sicas e\/ou a realiza\u00e7\u00e3o das atividades instrumentais da vida di\u00e1ria, nem disponham de apoio familiar para o efeito.<\/p>\n","protected":false},"excerpt":{"rendered":"<p>O SAD (Servi\u00e7o de Apoio Domicili\u00e1rio) \u00e9 a resposta social que consiste na presta\u00e7\u00e3o de cuidados e servi\u00e7os a fam\u00edlias e ou pessoas que se encontrem no seu domicilio, em situa\u00e7\u00e3o de depend\u00eancia f\u00edsica e ou ps\u00edquica e que n\u00e3o possam assegurar, tempor\u00e1ria ou permanentemente, a satisfa\u00e7\u00e3o das suas necessidades b\u00e1sicas e\/ou a realiza\u00e7\u00e3o das &hellip;<\/p>\n<p class=\"read-more\"> <a class=\"\" href=\"http:\/\/ccparadas.pt\/site\/servico-apoio-domiciliario\/\"> <span class=\"screen-reader-text\">Servi\u00e7o Apoio Domicili\u00e1rio<\/span> Read More &raquo;<\/a><\/p>\n","protected":false},"author":1,"featured_media":0,"parent":0,"menu_order":0,"comment_status":"closed","ping_status":"closed","template":"","meta":{"site-sidebar-layout":"","site-content-layout":"","ast-main-header-display":"","ast-hfb-above-header-display":"","ast-hfb-below-header-display":"","ast-hfb-mobile-header-display":"","site-post-title":"","ast-breadcrumbs-content":"","ast-featured-img":"","footer-sml-layout":"","theme-transparent-header-meta":"","adv-header-id-meta":"","stick-header-meta":"","header-above-stick-meta":"","header-main-stick-meta":"","header-below-stick-meta":""},"_links":{"self":[{"href":"http:\/\/ccparadas.pt\/site\/wp-json\/wp\/v2\/pages\/257"}],"collection":[{"href":"http:\/\/ccparadas.pt\/site\/wp-json\/wp\/v2\/pages"}],"about":[{"href":"http:\/\/ccparadas.pt\/site\/wp-json\/wp\/v2\/types\/page"}],"author":[{"embeddable":true,"href":"http:\/\/ccparadas.pt\/site\/wp-json\/wp\/v2\/users\/1"}],"replies":[{"embeddable":true,"href":"http:\/\/ccparadas.pt\/site\/wp-json\/wp\/v2\/comments?post=257"}],"version-history":[{"count":2,"href":"http:\/\/ccparadas.pt\/site\/wp-json\/wp\/v2\/pages\/257\/revisions"}],"predecessor-version":[{"id":324,"href":"http:\/\/ccparadas.pt\/site\/wp-json\/wp\/v2\/pages\/257\/revisions\/324"}],"wp:attachment":[{"href":"http:\/\/ccparadas.pt\/site\/wp-json\/wp\/v2\/media?parent=257"}],"curies":[{"name":"wp","href":"https:\/\/api.w.org\/{rel}","templated":true}]}}