{"id":230,"date":"2016-01-12T13:15:42","date_gmt":"2016-01-12T12:15:42","guid":{"rendered":"http:\/\/ccparadas.pt\/site\/?page_id=230"},"modified":"2016-01-12T15:28:32","modified_gmt":"2016-01-12T14:28:32","slug":"missao-e-valores","status":"publish","type":"page","link":"http:\/\/ccparadas.pt\/site\/missao-e-valores\/","title":{"rendered":"Miss\u00e3o e Valores"},"content":{"rendered":"<p style=\"text-align: justify;\"><strong>Miss\u00e3o, Valores, Vis\u00e3o e princ\u00edpios de atua\u00e7\u00e3o \u2013 \u00c1rea da Inf\u00e2ncia<\/strong><\/p>\n<p style=\"text-align: justify;\">Esta Institui\u00e7\u00e3o surgiu por iniciativa da Par\u00f3quia de S\u00e3o Pedro de Aradas e define-se como um servi\u00e7o \u00e0 comunidade, que na \u00e1rea da inf\u00e2ncia define-se por permitir aos pais\/encarregados de educa\u00e7\u00e3o\/representantes legais, no exerc\u00edcio da sua liberdade, a escolha de um espa\u00e7o educativo para os seus filhos\/educandos. Pretende \u201cPromover a integra\u00e7\u00e3o de crian\u00e7as, fam\u00edlias e grupos que por qualquer situa\u00e7\u00e3o deficit\u00e1ria de ordem f\u00edsica, emocional ou social se encontram em risco de priva\u00e7\u00e3o e\/ou marginaliza\u00e7\u00e3o social\u201d e oferecer um servi\u00e7o flex\u00edvel e multifuncional, adotando uma abordagem global relativamente \u00e0s crian\u00e7as e \u00e0s fam\u00edlias, reconhecendo a amplitude e interdepend\u00eancia das suas necessidades \u2013 presta\u00e7\u00e3o de cuidados, educa\u00e7\u00e3o, sa\u00fade, socializa\u00e7\u00e3o, apoio social e recrea\u00e7\u00e3o.<\/p>\n<p style=\"text-align: justify;\"><strong>Miss\u00e3o, Valores, Vis\u00e3o e princ\u00edpios de atua\u00e7\u00e3o\u2013 \u00c1rea S\u00e9nior<\/strong><\/p>\n<p style=\"text-align: justify;\">A ideologia desta \u00e1rea faz-nos entender que acolher idosos significa cuidar do outro, n\u00e3o s\u00f3 com compet\u00eancia profissional, mas tamb\u00e9m com a sensibilidade que qualquer pessoa, particularmente desta faixa et\u00e1ria, necessita e merece.<\/p>\n<p style=\"text-align: justify;\">Assim, uma estrutura residencial deve influenciar a vida da comunidade em que se insere e estar perme\u00e1vel \u00e0s caracter\u00edsticas e influ\u00eancias do exterior. Para se definir melhor, podemos dizer que \u00e9 atrav\u00e9s da sua miss\u00e3o que a organiza\u00e7\u00e3o institucional expressa de forma clara o seu contributo para o bem-estar de todos os residentes. Assim, o Lar Paroquial Am\u00e9lia Madail tem como <strong>miss\u00e3o<\/strong> melhorar a qualidade de vida das pessoas idosas, assegurando um conjunto de cuidados b\u00e1sicos, de sa\u00fade, de apoio social e espiritual, promovendo a autonomia e melhorando a funcionalidade da pessoa em situa\u00e7\u00e3o de depend\u00eancia.<\/p>\n<p style=\"text-align: justify;\">S\u00e3o <strong>valores<\/strong> fundamentados para esta \u00e1rea de interven\u00e7\u00e3o que os seus servi\u00e7os promovam o humanismo e proximidade, onde o estranho que bate \u00e0 porta e integra a nossa resid\u00eancia passe e se transforme no Irm\u00e3o a acolher, a amar e a dignificar.<\/p>\n<p style=\"text-align: justify;\">A concretiza\u00e7\u00e3o destes fins s\u00f3 \u00e9 poss\u00edvel, plenamente, com o cumprimento de diretrizes que orientam todos os agentes\/colaboradores\/volunt\u00e1rios\/t\u00e9cnicosquanto \u00e0 defini\u00e7\u00e3o e ado\u00e7\u00e3o de melhores pr\u00e1ticas, na tomada de decis\u00f5es de bem relativas a quest\u00f5es \u00e9ticas. O ser humano \u00e9 capaz dos comportamentos mais nobres e belos. Este c\u00f3digo apela ao mais profundo de n\u00f3s e evoca uma \u201cregra de ouro\u201d crist\u00e3: \u201cTudo o que desejais que os outros vos fa\u00e7am, fazei-o tamb\u00e9m v\u00f3s a eles\u201d. (Mt 7,12)<\/p>\n<p style=\"text-align: justify;\">Existem princ\u00edpios fundamentais e determinantes para a interven\u00e7\u00e3o coerente e assertiva da estrutura residencial, nomeadamente:<\/p>\n<p style=\"text-align: justify;\">&#8211; Respeito absoluto e zelo singular pela dignidade das pessoas, reportando \u00e0 dire\u00e7\u00e3o ind\u00edcios ou situa\u00e7\u00f5es de abuso e\/ou maus tratos ou neglig\u00eancia (consultar o Manual de Gest\u00e3o de Maus Tratos, elaborado pela Equipa T\u00e9cnica da Estrutura Residencial \u2013 dispon\u00edvel no arquivo documental da institui\u00e7\u00e3o);<\/p>\n<p style=\"text-align: justify;\">&#8211; Respeito pela individualidade, confidencialidade e privacidade de cada pessoa e de todos os elementos que lhe digam respeito;<\/p>\n<p style=\"text-align: justify;\">&#8211; Promo\u00e7\u00e3o da igualdade de oportunidades e de tratamento a todas as pessoas que procuram os nossos servi\u00e7os, ou estes integram, com vista a satisfazer as suas necessidades e expectativas leg\u00edtimas;<\/p>\n<p style=\"text-align: justify;\">&#8211; Comprometimento pela melhoria cont\u00ednua dos servi\u00e7os, trabalho em equipa, solid\u00e1rio, s\u00e9rio e din\u00e2mico que promova a cidadania, a inclus\u00e3o e participa\u00e7\u00e3o de todos, sem discrimina\u00e7\u00e3o;<\/p>\n<p style=\"text-align: justify;\">&#8211; Cultivo do sentido de perten\u00e7a, do sentido unit\u00e1rio, atrav\u00e9s de uma conduta justa, que n\u00e3o tem por objetivo o lucro material, usufru\u00eddo pelo lucro dos servi\u00e7os, ou benef\u00edcio com a explora\u00e7\u00e3o de fragilidades de situa\u00e7\u00f5es ou pessoas;<\/p>\n<p style=\"text-align: justify;\">&#8211; Promo\u00e7\u00e3o de um \u201cser\u201d, um \u201cfazer\u201d e um \u201cestar\u201d solid\u00e1rio e caritativo, que de forma incondicional acolhe, cuida e ama os que recorrem e integram os servi\u00e7os, respondendo \u00e0s suas necessidades com a d\u00e1diva de si pr\u00f3prio;<\/p>\n<p style=\"text-align: justify;\">&#8211; Viv\u00eancia dos valores crist\u00e3os, concretizados na caridade crist\u00e3, que convidam a transformar o estranho num irm\u00e3o a amar: \u201cVai e faz tamb\u00e9m tu o mesmo\u201d. (Lc 10, 37);<\/p>\n<p style=\"text-align: justify;\">&#8211; Apelo ao mais profundo do ser humano, \u00e0 sua beleza interior, bondade, honestidade, integridade e altru\u00edsmo;<\/p>\n<p style=\"text-align: justify;\">&#8211; Preserva\u00e7\u00e3o ambiental e respeito pela vida, atrav\u00e9s do cultivo de boas pr\u00e1ticas;<\/p>\n<p style=\"text-align: justify;\">&#8211; <em>Confian\u00e7a e Honestidade<\/em>: \u00e9 promovida a confian\u00e7a nas pr\u00e1ticas da Institui\u00e7\u00e3o, cimentada na transpar\u00eancia e seriedade dos servi\u00e7os prestados;<\/p>\n<p style=\"text-align: justify;\">&#8211; <em>Responsabilidade Social<\/em>: \u00e9 preocupa\u00e7\u00e3o constante da Institui\u00e7\u00e3o dar resposta \u00e0s diferentes problem\u00e1ticas sociais da comunidade, promovendo a efetiva inclus\u00e3o social dos utentes;<\/p>\n<p style=\"text-align: justify;\">&#8211; <em>Humaniza\u00e7\u00e3o<\/em>: \u00e9 potenciada a humaniza\u00e7\u00e3o do atendimento e das rela\u00e7\u00f5es com equidade, aproximando as pessoas atrav\u00e9s da consolida\u00e7\u00e3o dos afetos;<\/p>\n<p style=\"text-align: justify;\">&#8211; <em>Individualidade e Dignidade<\/em>: \u00e9 respeitada a especificidade de cada pessoa que procura os nossos servi\u00e7os, com uma aten\u00e7\u00e3o especial \u00e0s suas potencialidades, conferindo-lhe a dignidade como um bem absoluto;<\/p>\n<p style=\"text-align: justify;\">&#8211; <em>Melhoria cont\u00ednua<\/em>: \u00e9 fomentado um trabalho em equipa que assegure a melhoria da qualidade de vida das pessoas que nos procuram, atrav\u00e9s de um servi\u00e7o atento, din\u00e2mico e em cont\u00ednua avalia\u00e7\u00e3o;<\/p>\n<p style=\"text-align: justify;\">&#8211; <em>Culto cat\u00f3lico:<\/em> Sendo o Centro Comunit\u00e1rio da Par\u00f3quia de S. Pedro de Aradas, Lar Paroquial Am\u00e9lia Madail, uma institui\u00e7\u00e3o da Igreja Cat\u00f3lica, a doutrina crist\u00e3 continuar\u00e1 a ser o \u201calicerce\u201d fundamental que preside toda a sua atua\u00e7\u00e3o, nomeadamente na sua pr\u00e1tica di\u00e1ria da arte de bem cuidar \u00e0 luz da caridade evang\u00e9lica e na viv\u00eancia das grandes solenidades lit\u00fargicas, viv\u00eancia da ora\u00e7\u00e3o mariana, reflex\u00f5es de caris espiritual, administra\u00e7\u00e3o de sacramentos e assist\u00eancia espiritual. Estas atividades decorrer\u00e3o durante o ano de um modo regular, de acordo com o calend\u00e1rio pr\u00f3prio. Por\u00e9m, podemos referir: &#8211; ora\u00e7\u00e3o do ter\u00e7o di\u00e1rio; &#8211; missa dominical vespertina (ao s\u00e1bado); &#8211; sacramento da reconcilia\u00e7\u00e3o nos tempos fortes e sempre que oportuno; &#8211; e sacramento da Santa Un\u00e7\u00e3o \u00e0queles que o desejam.<\/p>\n<p style=\"text-align: justify;\">Resumindo, a atua\u00e7\u00e3o dos recursos humanos do Lar Paroquial Am\u00e9lia Madail assenta em princ\u00edpios e valores, que t\u00eam como principal objetivo respeitar os direitos fundamentais da pessoa humana garantindo-os, assim, a todos os seus utentes.<\/p>\n<p style=\"text-align: justify;\">Deste modo, s\u00e3o valores b\u00e1sicos de atua\u00e7\u00e3o dos colaboradores do Lar: Dignidade da pessoa humana; Respeito; Individualidade; Autonomia; Direito de escolha; Privacidade e intimidade; Confidencialidade; Igualdade; Participa\u00e7\u00e3o.<\/p>\n","protected":false},"excerpt":{"rendered":"<p>Miss\u00e3o, Valores, Vis\u00e3o e princ\u00edpios de atua\u00e7\u00e3o \u2013 \u00c1rea da Inf\u00e2ncia Esta Institui\u00e7\u00e3o surgiu por iniciativa da Par\u00f3quia de S\u00e3o Pedro de Aradas e define-se como um servi\u00e7o \u00e0 comunidade, que na \u00e1rea da inf\u00e2ncia define-se por permitir aos pais\/encarregados de educa\u00e7\u00e3o\/representantes legais, no exerc\u00edcio da sua liberdade, a escolha de um espa\u00e7o educativo para &hellip;<\/p>\n<p class=\"read-more\"> <a class=\"\" href=\"http:\/\/ccparadas.pt\/site\/missao-e-valores\/\"> <span class=\"screen-reader-text\">Miss\u00e3o e Valores<\/span> Read More &raquo;<\/a><\/p>\n","protected":false},"author":1,"featured_media":0,"parent":0,"menu_order":0,"comment_status":"closed","ping_status":"closed","template":"","meta":{"site-sidebar-layout":"","site-content-layout":"","ast-main-header-display":"","ast-hfb-above-header-display":"","ast-hfb-below-header-display":"","ast-hfb-mobile-header-display":"","site-post-title":"","ast-breadcrumbs-content":"","ast-featured-img":"","footer-sml-layout":"","theme-transparent-header-meta":"","adv-header-id-meta":"","stick-header-meta":"","header-above-stick-meta":"","header-main-stick-meta":"","header-below-stick-meta":""},"_links":{"self":[{"href":"http:\/\/ccparadas.pt\/site\/wp-json\/wp\/v2\/pages\/230"}],"collection":[{"href":"http:\/\/ccparadas.pt\/site\/wp-json\/wp\/v2\/pages"}],"about":[{"href":"http:\/\/ccparadas.pt\/site\/wp-json\/wp\/v2\/types\/page"}],"author":[{"embeddable":true,"href":"http:\/\/ccparadas.pt\/site\/wp-json\/wp\/v2\/users\/1"}],"replies":[{"embeddable":true,"href":"http:\/\/ccparadas.pt\/site\/wp-json\/wp\/v2\/comments?post=230"}],"version-history":[{"count":2,"href":"http:\/\/ccparadas.pt\/site\/wp-json\/wp\/v2\/pages\/230\/revisions"}],"predecessor-version":[{"id":320,"href":"http:\/\/ccparadas.pt\/site\/wp-json\/wp\/v2\/pages\/230\/revisions\/320"}],"wp:attachment":[{"href":"http:\/\/ccparadas.pt\/site\/wp-json\/wp\/v2\/media?parent=230"}],"curies":[{"name":"wp","href":"https:\/\/api.w.org\/{rel}","templated":true}]}}