{"id":225,"date":"2016-01-12T13:11:50","date_gmt":"2016-01-12T12:11:50","guid":{"rendered":"http:\/\/ccparadas.pt\/site\/?page_id=225"},"modified":"2016-01-12T15:25:19","modified_gmt":"2016-01-12T14:25:19","slug":"historial","status":"publish","type":"page","link":"http:\/\/ccparadas.pt\/site\/historial\/","title":{"rendered":"Historial"},"content":{"rendered":"<p style=\"text-align: justify;\">A primeira pedra do Centro Comunit\u00e1rio da Par\u00f3quia de S\u00e3o Pedro de Aradas (sede e \u00e1rea da inf\u00e2ncia) foi lan\u00e7ada no dia 28 de novembro de 1976.<\/p>\n<p style=\"text-align: justify;\">Em julho de 1977, foi criado canonicamente, como refere o artigo 1\u00ba dos estatutos aprovados pela Dire\u00e7\u00e3o-Geral de Seguran\u00e7a Social em 5\/03\/86, o ent\u00e3o denominado Centro Comunit\u00e1rio Paroquial de Assist\u00eancia e Forma\u00e7\u00e3o de S\u00e3o Pedro de Aradas, com sede na Freguesia de Aradas, concelho e distrito de Aveiro. Criado canonicamente em 1 de junho de 1975 e autorizado pelo Bispo da diocese. \u00c9 uma institui\u00e7\u00e3o Privada de Solidariedade Social, n\u00e3o lucrativa, com personalidade jur\u00eddica no Foro Civil e regida por alguns estatutos, inaugurada em 13\/01\/80.<\/p>\n<p style=\"text-align: justify;\">A Institui\u00e7\u00e3o surgiu por iniciativa da Par\u00f3quia de S\u00e3o Pedro de Aradas, pertencente \u00e0 Diocese de Aveiro, na pessoa do seu P\u00e1roco de ent\u00e3o, o Sr. Padre J\u00falio da Rocha Rodrigues, e iniciou as suas atividades em 3\/12\/79 com a Infantil (termo habitualmente utilizado na altura para caracterizar a pr\u00e9-escola), com a frequ\u00eancia de 31 crian\u00e7as dos 3 aos 6 anos. Posteriormente, em Setembro de 1980, abriu-se a val\u00eancia da creche, com o primeiro acordo de coopera\u00e7\u00e3o assinado em 1982, o ATL (que encerrou no final do ano letivo de 2012\/2013) e, mais recentemente, em dezembro de 2012, a val\u00eancia Estrutura Residencial para Idosos, num edif\u00edcio \u00e0 parte. \u00c9, pois, uma institui\u00e7\u00e3o que presta servi\u00e7o \u00e0 comunidade, permitindo aos pais escolherem, de forma livre e ponderada, um espa\u00e7o educativo onde possam confiar os seus filhos e aos demais familiares, nomeadamente dos utentes da ERPI, um espa\u00e7o onde os seus idosos sejam atentamente cuidados.<\/p>\n<p style=\"text-align: justify;\">Enquanto escola e estrutura residencial inclusiva a n\u00edvel social, pol\u00edtico e religioso, baseia a sua a\u00e7\u00e3o educativa e de promo\u00e7\u00e3o do bem-estar no desenvolvimento integral da pessoa, numa atitude de profundo respeito pela personalidade, ritmo de aprendizagem e de vida dos utentes que a frequentam.<\/p>\n<p style=\"text-align: justify;\"><strong>Caracteriza\u00e7\u00e3o f\u00edsica do Centro Comunit\u00e1rio da Par\u00f3quia de S. Pedro De Aradas<\/strong><\/p>\n<p style=\"text-align: justify;\">O Centro Comunit\u00e1rio da Par\u00f3quia de S. Pedro de Aradas, mais concretamente o edif\u00edcio da sede e onde funciona a \u00e1rea da inf\u00e2ncia, situa-se no Largo Ac\u00e1cio Rosa s\/n, ao lado da Igreja Paroquial de S. Pedro de Aradas. O edif\u00edcio onde funciona a Estrutura Residencial, Lar Paroquial Amelia Madail, situa-se na Rua Padre Daniel Correia Rama, 47. Ambos os edif\u00edcios, porque muito pr\u00f3ximos, s\u00e3o circundados pela atividade fabril e agr\u00edcola de subsist\u00eancia, atividades que envolvem, essencialmente, o grupo et\u00e1rio mais idoso. Ambos os edif\u00edcios t\u00eam ao seu lado o cemit\u00e9rio, entre evoca\u00e7\u00f5es de antigas nobrezas, est\u00e3o os mausol\u00e9us do desembargador Queir\u00f3s (av\u00f4 de E\u00e7a de Queir\u00f3s) e do Dr. Alberto Souto, os quais se apresentam como apontamentos curiosos de interesse hist\u00f3rico.<\/p>\n<p style=\"text-align: justify;\">Atualmente, o Centro Comunit\u00e1rio da Par\u00f3quia de S. Pedro de Aradas \u00e9 composto por tr\u00eas val\u00eancias \u2013 Creche, Pr\u00e9-escolar e ERPI (estrutura residencial para idosos) \u2013 e \u00e9 frequentado por cerca de cento e cinquenta e oito crian\u00e7as e trinta e tr\u00eas idosos. A constru\u00e7\u00e3o do novo edif\u00edcio de Creche (anexo no edif\u00edcio inicial), durante o ano de 2006, melhorou muito as suas infraestruturas, tendo-se tornado numa das Institui\u00e7\u00f5es mais modernas,\u00a0 possuindo relevantes possibilidades de qualificar o trabalho prestado. O edif\u00edcio do pr\u00e9-escolar tem vindo a sofrer sucessivas remodela\u00e7\u00f5es no sentido de o melhorar e o da creche, constru\u00eddo ent\u00e3o de raiz, \u00e9 bem arejado e com muita luz solar. A constru\u00e7\u00e3o de raiz do edif\u00edcio da ERPI contribuiu em muito para aumentar a nossapopula\u00e7\u00e3o-alvo, e esperamos que, com a abertura do Centro de Dia e o Servi\u00e7o de Apoio Domicili\u00e1rio, a ampliemos ainda mais. A Estrutura Residencial tamb\u00e9m beneficia de infraestrutura arejada e com muita incid\u00eancia de luz e de espa\u00e7os amplos e diversificados.<\/p>\n<p style=\"text-align: justify;\">\n<p style=\"text-align: justify;\"><strong>Caracteriza\u00e7\u00e3o <\/strong><strong>d<\/strong><strong>a Val\u00eancia Lar Paroquial Am\u00e9lia Madail<\/strong><\/p>\n<p style=\"text-align: justify;\">O Lar Paroquial Am\u00e9lia Mada\u00edl, adiante designado ERPI \u2013 Estrutura Residencial Para Idosos, \u00e9 uma val\u00eancia de apoio a idosos, integrada no Centro Comunit\u00e1rio da Par\u00f3quia de S. Pedro de Aradas, Institui\u00e7\u00e3o Particular de Solidariedade Social, registada no Livro n\u00ba 3 das Funda\u00e7\u00f5es de Solidariedade Social, sob o n\u00ba 34\/86 a folhas 60 verso, em 05\/03\/86, com sede no lugar de Verdemilho, freguesia de Aradas, concelho de Aveiro. Desenvolve a sua atividade em instala\u00e7\u00f5es pr\u00f3prias, sedeadas na Rua Padre Daniel Correia Rama, n\u00ba 47, em Verdemilho, 3810-604 Aveiro, freguesia de Aradas. Tem acordo de coopera\u00e7\u00e3o celebrado com a Seguran\u00e7a Social em 25.11.2013.<\/p>\n<p style=\"text-align: justify;\">A Estrutura Residencial para Idosos \u00e9 uma resid\u00eancia coletiva que desenvolve atividades de apoio social a pessoas idosas e em situa\u00e7\u00e3o de depend\u00eancia desinseridas do seu meio familiar e\/ou social, expressando livremente a sua vontade em serem admitidas.<\/p>\n<p style=\"text-align: justify;\">Em caso de incapacidade na livre express\u00e3o dessa vontade, o pedido de admiss\u00e3o poder\u00e1 ser formulado por um familiar ou representante legal que assuma a responsabilidade pelo internamento.<\/p>\n<p style=\"text-align: justify;\">A estrutura residencial destina-se \u00e0 habita\u00e7\u00e3o de pessoas com 65 ou mais anos, residentes no concelho de Aveiro, que, por raz\u00f5es familiares, depend\u00eancia, isolamento, solid\u00e3o ou inseguran\u00e7a, n\u00e3o podem permanecer na sua resid\u00eancia. Pode tamb\u00e9m, destinar-se a pessoas adultas de idade inferior a 65 anos, em situa\u00e7\u00f5es de exce\u00e7\u00e3o devidamente justificadas e ainda proporcionar alojamento em situa\u00e7\u00f5es pontuais, decorrentes da aus\u00eancia,impedimento ou necessidade de descanso do cuidador.<\/p>\n<p style=\"text-align: justify;\">Atualmente,s\u00e3o prestados os seguintes servi\u00e7os:<\/p>\n<p style=\"text-align: justify;\">1.- Alojamento em quarto individual, de casal ou duplo;<\/p>\n<p style=\"text-align: justify;\">2.- Alimenta\u00e7\u00e3o adequada \u00e0s necessidades dos residentes, respeitando as prescri\u00e7\u00f5es m\u00e9dicas;<\/p>\n<p style=\"text-align: justify;\">3.- Cuidados de higiene pessoal e imagem;<\/p>\n<p style=\"text-align: justify;\">4.- Tratamento de roupa;<\/p>\n<p style=\"text-align: justify;\">5.- Higiene dos espa\u00e7os;<\/p>\n<p style=\"text-align: justify;\">6.- Cuidados de enfermagem, bem como o acesso a cuidados de sa\u00fade;<\/p>\n<p style=\"text-align: justify;\">7.- Administra\u00e7\u00e3o de f\u00e1rmacos, quando prescritos;<\/p>\n<p style=\"text-align: justify;\">8.- Apoio no desempenho das atividades da vida di\u00e1ria;<\/p>\n<p style=\"text-align: justify;\">9.- Atividades de anima\u00e7\u00e3o sociocultural, l\u00fadico-recreativas e ocupacionais que visem contribuir para um clima de relacionamento saud\u00e1vel entre os residentes e para a estimula\u00e7\u00e3o e manuten\u00e7\u00e3o das suas capacidades f\u00edsicas e ps\u00edquicas;<\/p>\n<p style=\"text-align: justify;\">10.- Assist\u00eancia Religiosa.<\/p>\n<p style=\"text-align: justify;\">\n<p style=\"text-align: justify;\">As atividades de estimula\u00e7\u00e3o\/anima\u00e7\u00e3o\/ocupa\u00e7\u00e3o\/lazer geri\u00e1trico afirmam-se como \u00e1reas de suma import\u00e2ncia, j\u00e1 que, atrav\u00e9s delas, se fomenta<span style=\"text-decoration: line-through;\">m<\/span> a intera\u00e7\u00e3o e a autoestima do idoso. Neste sentido, o Lar possui diversos Planos segundo as \u00e1reas de interven\u00e7\u00e3o (como podemos ver referidos mais \u00e0 frente neste documento)concebidos pelos diversos membros da equipa t\u00e9cnica, cada um segundo a sua \u00e1rea, (ap\u00f3s discuss\u00e3o em equipa t\u00e9cnica ao servi\u00e7o da institui\u00e7\u00e3o), no qual est\u00e3o descritos procedimentos, estrat\u00e9gias, datas festivas a celebrar, bem como atividades de diversas natureza (desde cuidados b\u00e1sicos, de sa\u00fade, de imagem, a anima\u00e7\u00e3o lit\u00fargica e de lazer). Estes Planos s\u00e3o Anuais e s\u00e3o apoiados por planifica\u00e7\u00f5es semanais. Nestes s\u00e3o definidas a interven\u00e7\u00e3o segundo as necessidade prementes em cada tempo concreto, bem como enunciadas as atividades de anima\u00e7\u00e3o l\u00fadica, aulas de gin\u00e1stica, momentos de leitura, pintura, jogos tradicionais, trabalhos manuais, entre outras. \u00c9 de igual relevo e relev\u00e2ncia todos m\u00e9todos de cuidados e aten\u00e7\u00e3o face ao bem-estar, cuidados de sa\u00fade, imagem e higiene.<\/p>\n<p style=\"text-align: justify;\">Para que se possa ver a adequabilidade dos planos foi delineado um plano de avalia\u00e7\u00e3o, como podemos ver mais adiante neste documento.<\/p>\n<p style=\"text-align: justify;\">Desde janeiro de 2015 prestamos apoio no domic\u00edlio.<\/p>\n<p style=\"text-align: justify;\">S\u00e3o objetivos do Servi\u00e7o de Apoio Domicili\u00e1rio do Lar Paroquial Am\u00e9lia Madail:<\/p>\n<p style=\"text-align: justify;\">1.- Concorrer para a melhoria da qualidade de vida das pessoas e fam\u00edlias;<\/p>\n<p style=\"text-align: justify;\">2- Contribuir para a concilia\u00e7\u00e3o da vida familiar e profissional do agregado familiar;<\/p>\n<p style=\"text-align: justify;\">3- Contribuir para a perman\u00eancia dos utentes no seu meio habitual de vida, retardando ou evitando o recurso a estruturas residenciais;<\/p>\n<p style=\"text-align: justify;\">4- Promover estrat\u00e9gias de desenvolvimento da autonomia;<\/p>\n<p style=\"text-align: justify;\">5- Prestar cuidados e servi\u00e7os adequados \u00e0s necessidades dos utentes, sendo estes objeto de contratualiza\u00e7\u00e3o;<\/p>\n<p style=\"text-align: justify;\">6- Facilitar o acesso a servi\u00e7os da comunidade;<\/p>\n<p style=\"text-align: justify;\">7- Refor\u00e7ar as compet\u00eancias e capacidades das fam\u00edlias e de outros cuidadores<\/p>\n<p style=\"text-align: justify;\">\n<p style=\"text-align: justify;\">Em setembro de 2015, estendemos a nossa atua\u00e7\u00e3o abrindo o Centro de Dia.<\/p>\n<p style=\"text-align: justify;\">S\u00e3o objetivos do Centro de Dia do Lar Paroquial Am\u00e9lia Madail:<\/p>\n<p style=\"text-align: justify;\">1.- Retardar o internamento e a depend\u00eancia, oferecendo terapia de base e t\u00e9cnicas de reeduca\u00e7\u00e3o e readapta\u00e7\u00e3o<strong>,<\/strong> organizadas no quadro da vida coletiva, como meios de preven\u00e7\u00e3o<strong>;<\/strong><\/p>\n<p style=\"text-align: justify;\">2.- Responder<strong>,<\/strong> em simult\u00e2neo<strong>, <\/strong>a um conjunto de necessidades f\u00edsicas e de readapta\u00e7\u00e3o \u00e0 vida em sociedade, prevenindo o envelhecimento prematuro<strong>;<\/strong><\/p>\n<p style=\"text-align: justify;\">3.- Promover a interajuda atrav\u00e9s do desenvolvimento de atividades associativas<strong> e <\/strong>atrav\u00e9s de grupos de terapia ocupacional;<\/p>\n<p style=\"text-align: justify;\">4.- Favorecer os sentimentos de intera\u00e7\u00e3o, autoestima e seguran\u00e7a;<\/p>\n<p style=\"text-align: justify;\">5.- Criar condi\u00e7\u00f5es que permitam preservar a sociabilidade e incentivar a rela\u00e7\u00e3o inter-familiar e inter-geracional, assegurando a continuidade dos contactos afetivos com os familiares, vizinhos e amigos;<\/p>\n<p style=\"text-align: justify;\">6.- Ser um recurso social de utiliza\u00e7\u00e3o diurna, alternativo \u00e0 institucionaliza\u00e7\u00e3o.<\/p>\n","protected":false},"excerpt":{"rendered":"<p>A primeira pedra do Centro Comunit\u00e1rio da Par\u00f3quia de S\u00e3o Pedro de Aradas (sede e \u00e1rea da inf\u00e2ncia) foi lan\u00e7ada no dia 28 de novembro de 1976. Em julho de 1977, foi criado canonicamente, como refere o artigo 1\u00ba dos estatutos aprovados pela Dire\u00e7\u00e3o-Geral de Seguran\u00e7a Social em 5\/03\/86, o ent\u00e3o denominado Centro Comunit\u00e1rio Paroquial &hellip;<\/p>\n<p class=\"read-more\"> <a class=\"\" href=\"http:\/\/ccparadas.pt\/site\/historial\/\"> <span class=\"screen-reader-text\">Historial<\/span> Read More &raquo;<\/a><\/p>\n","protected":false},"author":1,"featured_media":0,"parent":0,"menu_order":0,"comment_status":"closed","ping_status":"closed","template":"","meta":{"site-sidebar-layout":"","site-content-layout":"","ast-main-header-display":"","ast-hfb-above-header-display":"","ast-hfb-below-header-display":"","ast-hfb-mobile-header-display":"","site-post-title":"","ast-breadcrumbs-content":"","ast-featured-img":"","footer-sml-layout":"","theme-transparent-header-meta":"","adv-header-id-meta":"","stick-header-meta":"","header-above-stick-meta":"","header-main-stick-meta":"","header-below-stick-meta":""},"_links":{"self":[{"href":"http:\/\/ccparadas.pt\/site\/wp-json\/wp\/v2\/pages\/225"}],"collection":[{"href":"http:\/\/ccparadas.pt\/site\/wp-json\/wp\/v2\/pages"}],"about":[{"href":"http:\/\/ccparadas.pt\/site\/wp-json\/wp\/v2\/types\/page"}],"author":[{"embeddable":true,"href":"http:\/\/ccparadas.pt\/site\/wp-json\/wp\/v2\/users\/1"}],"replies":[{"embeddable":true,"href":"http:\/\/ccparadas.pt\/site\/wp-json\/wp\/v2\/comments?post=225"}],"version-history":[{"count":2,"href":"http:\/\/ccparadas.pt\/site\/wp-json\/wp\/v2\/pages\/225\/revisions"}],"predecessor-version":[{"id":311,"href":"http:\/\/ccparadas.pt\/site\/wp-json\/wp\/v2\/pages\/225\/revisions\/311"}],"wp:attachment":[{"href":"http:\/\/ccparadas.pt\/site\/wp-json\/wp\/v2\/media?parent=225"}],"curies":[{"name":"wp","href":"https:\/\/api.w.org\/{rel}","templated":true}]}}