{"id":174,"date":"2015-10-15T09:27:48","date_gmt":"2015-10-15T08:27:48","guid":{"rendered":"http:\/\/ccparadas.pt\/site\/?page_id=174"},"modified":"2022-12-16T16:13:31","modified_gmt":"2022-12-16T15:13:31","slug":"contatos-e-horarios","status":"publish","type":"page","link":"http:\/\/ccparadas.pt\/site\/contatos-e-horarios\/","title":{"rendered":"Contactos e Hor\u00e1rios"},"content":{"rendered":"<p><iframe frameborder=\"0\" scrolling=\"no\" marginheight=\"0\" marginwidth=\"0\" src=\"https:\/\/maps.google.com\/maps?q=Centro%20Comunit%C3%A1rio%20de%20Aradas&amp;t=m&amp;z=14&amp;output=embed&amp;iwloc=near\" title=\"Centro Comunit\u00e1rio de Aradas\" aria-label=\"Centro Comunit\u00e1rio de Aradas\"><\/iframe><\/p>\n<h2>Sede<\/h2>\n<h6>\n\t\t\t\t\t\tLargo Ac\u00e1cio Rosa<\/h6>\n<p>Verdemilho | 3810-604 Aveiro<\/p>\n<h6>\n\t\t\t\t\t\tChamada para a rede fixa\/ rede m\u00f3vel nacional<\/h6>\n<p>234 424 551\/929066545<\/p>\n<h6>\n\t\t\t\t\t\tEmail<\/h6>\n<p>geral@ccparadas.pt<\/p>\n<h6>\n\t\t\t\t\t\tHor\u00e1rio<\/h6>\n<p>9.30-12.30 e 15.30-19.15h<\/p>\n<h2>\u00c1rea da Inf\u00e2ncia<\/h2>\n<h6>\n\t\t\t\t\t\tLargo Ac\u00e1cio Rosa<\/h6>\n<p>Verdemilho | 3810-604 Aveiro<\/p>\n<h6>\n\t\t\t\t\t\tChamada para a rede fixa \/ rede m\u00f3vel nacional<\/h6>\n<p>234 424 551\/929066545<\/p>\n<h6>\n\t\t\t\t\t\tEmail<\/h6>\n<p>secretaria.infancia@ccparadas.pt<\/p>\n<h6>\n\t\t\t\t\t\tHor\u00e1rio<\/h6>\n<p>7.30 \u2013 19.15h<\/p>\n<h6>\n\t\t\t\t\t\tHor\u00e1rio da Secretaria<\/h6>\n<p>9.30-12.30 e 15.30-19.15h<\/p>\n<p><iframe frameborder=\"0\" scrolling=\"no\" marginheight=\"0\" marginwidth=\"0\" src=\"https:\/\/maps.google.com\/maps?q=Centro%20Comunit%C3%A1rio%20de%20Aradas&amp;t=m&amp;z=14&amp;output=embed&amp;iwloc=near\" title=\"Centro Comunit\u00e1rio de Aradas\" aria-label=\"Centro Comunit\u00e1rio de Aradas\"><\/iframe><br \/>\n<iframe frameborder=\"0\" scrolling=\"no\" marginheight=\"0\" marginwidth=\"0\" src=\"https:\/\/maps.google.com\/maps?q=R.%20Padre%20Daniel%20da%20Rama%2047&amp;t=m&amp;z=14&amp;output=embed&amp;iwloc=near\" title=\"R. Padre Daniel da Rama 47\" aria-label=\"R. Padre Daniel da Rama 47\"><\/iframe><\/p>\n<h2>\u00c1rea S\u00e9nior<\/h2>\n<h6>\n\t\t\t\t\t\tRua Padre Daniel Correia Rama n\u00ba 47<\/h6>\n<p>Verdemilho | 3810-384 Aveiro<\/p>\n<h6>\n\t\t\t\t\t\tChamadas para a rede fixa\/ rede m\u00f3vel nacional<\/h6>\n<p>234 194822\/ 962261054<\/p>\n<h6>\n\t\t\t\t\t\tEmail<\/h6>\n<p>secretaria.lpam@ccparadas.pt<\/p>\n<h6>\n\t\t\t\t\t\tHor\u00e1rio das visitas na ERPI<\/h6>\n<p>14.30h \u00e0s 18.30h<\/p>\n<h6>\n\t\t\t\t\t\tHor\u00e1rio da Secretaria<\/h6>\n<p>9.30-12.30 e 14.30-18.30h<\/p>\n","protected":false},"excerpt":{"rendered":"<p>Sede Largo Ac\u00e1cio Rosa Verdemilho | 3810-604 Aveiro Chamada para a rede fixa\/ rede m\u00f3vel nacional 234 424 551\/929066545 Email geral@ccparadas.pt Hor\u00e1rio 9.30-12.30 e 15.30-19.15h \u00c1rea da Inf\u00e2ncia Largo Ac\u00e1cio Rosa Verdemilho | 3810-604 Aveiro Chamada para a rede fixa \/ rede m\u00f3vel nacional 234 424 551\/929066545 Email secretaria.infancia@ccparadas.pt Hor\u00e1rio 7.30 \u2013 19.15h Hor\u00e1rio da &hellip;<\/p>\n<p class=\"read-more\"> <a class=\"\" href=\"http:\/\/ccparadas.pt\/site\/contatos-e-horarios\/\"> <span class=\"screen-reader-text\">Contactos e Hor\u00e1rios<\/span> Read More &raquo;<\/a><\/p>\n","protected":false},"author":1,"featured_media":0,"parent":0,"menu_order":0,"comment_status":"closed","ping_status":"closed","template":"","meta":{"site-sidebar-layout":"","site-content-layout":"","ast-main-header-display":"","ast-hfb-above-header-display":"","ast-hfb-below-header-display":"","ast-hfb-mobile-header-display":"","site-post-title":"","ast-breadcrumbs-content":"","ast-featured-img":"","footer-sml-layout":"","theme-transparent-header-meta":"","adv-header-id-meta":"","stick-header-meta":"","header-above-stick-meta":"","header-main-stick-meta":"","header-below-stick-meta":""},"_links":{"self":[{"href":"http:\/\/ccparadas.pt\/site\/wp-json\/wp\/v2\/pages\/174"}],"collection":[{"href":"http:\/\/ccparadas.pt\/site\/wp-json\/wp\/v2\/pages"}],"about":[{"href":"http:\/\/ccparadas.pt\/site\/wp-json\/wp\/v2\/types\/page"}],"author":[{"embeddable":true,"href":"http:\/\/ccparadas.pt\/site\/wp-json\/wp\/v2\/users\/1"}],"replies":[{"embeddable":true,"href":"http:\/\/ccparadas.pt\/site\/wp-json\/wp\/v2\/comments?post=174"}],"version-history":[{"count":61,"href":"http:\/\/ccparadas.pt\/site\/wp-json\/wp\/v2\/pages\/174\/revisions"}],"predecessor-version":[{"id":14091,"href":"http:\/\/ccparadas.pt\/site\/wp-json\/wp\/v2\/pages\/174\/revisions\/14091"}],"wp:attachment":[{"href":"http:\/\/ccparadas.pt\/site\/wp-json\/wp\/v2\/media?parent=174"}],"curies":[{"name":"wp","href":"https:\/\/api.w.org\/{rel}","templated":true}]}}