{"id":1202,"date":"2016-03-15T13:17:20","date_gmt":"2016-03-15T12:17:20","guid":{"rendered":"http:\/\/ccparadas.pt\/site\/?page_id=1202"},"modified":"2016-03-15T13:17:20","modified_gmt":"2016-03-15T12:17:20","slug":"resolucao-de-conflitos","status":"publish","type":"page","link":"http:\/\/ccparadas.pt\/site\/quem-somos\/resolucao-de-conflitos\/","title":{"rendered":"Resolu\u00e7\u00e3o de conflitos"},"content":{"rendered":"<p>&#8220;Em caso de lit\u00edgio o consumidor pode recorrer a uma Entidade de Resolu\u00e7\u00e3o Alternativa de Lit\u00edgios de consumo:<\/p>\n<p><strong>CENTRO NACIONAL DE INFORMA\u00c7\u00c3O E ARBITRAGEM DE CONFLITOS DE CONSUMO<\/strong><\/p>\n<p>Faculdade de Direito da Universidade Nova de Lisboa<\/p>\n<p>Campus de Campolide &#8211; 1099-032 Lisboa<\/p>\n<p>Telefone: 213 847 484<\/p>\n<p>Site: http:\/\/www.arbitragemdeconsumo.org\/<\/p>\n<p>Mais informa\u00e7\u00f5es em Portal do Consumidor <strong>www.consumidor.pt<\/strong>&#8220;<\/p>\n","protected":false},"excerpt":{"rendered":"<p>&#8220;Em caso de lit\u00edgio o consumidor pode recorrer a uma Entidade de Resolu\u00e7\u00e3o Alternativa de Lit\u00edgios de consumo: CENTRO NACIONAL DE INFORMA\u00c7\u00c3O E ARBITRAGEM DE CONFLITOS DE CONSUMO Faculdade de Direito da Universidade Nova de Lisboa Campus de Campolide &#8211; 1099-032 Lisboa Telefone: 213 847 484 Site: http:\/\/www.arbitragemdeconsumo.org\/ Mais informa\u00e7\u00f5es em Portal do Consumidor www.consumidor.pt&#8220;<\/p>\n","protected":false},"author":1,"featured_media":0,"parent":325,"menu_order":0,"comment_status":"closed","ping_status":"closed","template":"","meta":{"site-sidebar-layout":"","site-content-layout":"","ast-main-header-display":"","ast-hfb-above-header-display":"","ast-hfb-below-header-display":"","ast-hfb-mobile-header-display":"","site-post-title":"","ast-breadcrumbs-content":"","ast-featured-img":"","footer-sml-layout":"","theme-transparent-header-meta":"","adv-header-id-meta":"","stick-header-meta":"","header-above-stick-meta":"","header-main-stick-meta":"","header-below-stick-meta":""},"_links":{"self":[{"href":"http:\/\/ccparadas.pt\/site\/wp-json\/wp\/v2\/pages\/1202"}],"collection":[{"href":"http:\/\/ccparadas.pt\/site\/wp-json\/wp\/v2\/pages"}],"about":[{"href":"http:\/\/ccparadas.pt\/site\/wp-json\/wp\/v2\/types\/page"}],"author":[{"embeddable":true,"href":"http:\/\/ccparadas.pt\/site\/wp-json\/wp\/v2\/users\/1"}],"replies":[{"embeddable":true,"href":"http:\/\/ccparadas.pt\/site\/wp-json\/wp\/v2\/comments?post=1202"}],"version-history":[{"count":1,"href":"http:\/\/ccparadas.pt\/site\/wp-json\/wp\/v2\/pages\/1202\/revisions"}],"predecessor-version":[{"id":1203,"href":"http:\/\/ccparadas.pt\/site\/wp-json\/wp\/v2\/pages\/1202\/revisions\/1203"}],"up":[{"embeddable":true,"href":"http:\/\/ccparadas.pt\/site\/wp-json\/wp\/v2\/pages\/325"}],"wp:attachment":[{"href":"http:\/\/ccparadas.pt\/site\/wp-json\/wp\/v2\/media?parent=1202"}],"curies":[{"name":"wp","href":"https:\/\/api.w.org\/{rel}","templated":true}]}}